{"id":30,"date":"2023-02-22T17:12:12","date_gmt":"2023-02-22T17:12:12","guid":{"rendered":"https:\/\/nuevaweb.papererianord.com\/?page_id=30"},"modified":"2023-02-25T13:33:28","modified_gmt":"2023-02-25T13:33:28","slug":"busqueda","status":"publish","type":"page","link":"https:\/\/nuevaweb.papererianord.com\/index.php\/busqueda\/","title":{"rendered":"B\u00fasqueda"},"content":{"rendered":"\t\t<div data-elementor-type=\"wp-page\" data-elementor-id=\"30\" class=\"elementor elementor-30\">\n\t\t\t\t\t\t\t\t\t<section class=\"elementor-section elementor-top-section elementor-element elementor-element-a92ab71 elementor-section-boxed elementor-section-height-default elementor-section-height-default\" data-id=\"a92ab71\" data-element_type=\"section\">\n\t\t\t\t\t\t<div class=\"elementor-container elementor-column-gap-default\">\n\t\t\t\t\t<div class=\"elementor-column elementor-col-50 elementor-top-column elementor-element elementor-element-cb86050\" data-id=\"cb86050\" data-element_type=\"column\">\n\t\t\t<div class=\"elementor-widget-wrap elementor-element-populated\">\n\t\t\t\t\t\t\t\t<div class=\"elementor-element elementor-element-ec88646 elementor-widget elementor-widget-text-editor\" data-id=\"ec88646\" data-element_type=\"widget\" data-widget_type=\"text-editor.default\">\n\t\t\t\t<div class=\"elementor-widget-container\">\n\t\t\t<style>\/*! elementor - v3.13.3 - 28-05-2023 *\/\n.elementor-widget-text-editor.elementor-drop-cap-view-stacked .elementor-drop-cap{background-color:#69727d;color:#fff}.elementor-widget-text-editor.elementor-drop-cap-view-framed .elementor-drop-cap{color:#69727d;border:3px solid;background-color:transparent}.elementor-widget-text-editor:not(.elementor-drop-cap-view-default) .elementor-drop-cap{margin-top:8px}.elementor-widget-text-editor:not(.elementor-drop-cap-view-default) .elementor-drop-cap-letter{width:1em;height:1em}.elementor-widget-text-editor .elementor-drop-cap{float:left;text-align:center;line-height:1;font-size:50px}.elementor-widget-text-editor .elementor-drop-cap-letter{display:inline-block}<\/style>\t\t\t\t<p><span style=\"color: #000000;\">B\u00fasqueda de Libros<\/span><\/p><p><span style=\"color: #000000;\">En nuestras tiendas siempre encontrar\u00e1s las \u00faltimas novedades en librer\u00eda para toda la familia, desde los m\u00e1s peques hasta los m\u00e1s mayores de la casa.<\/span><\/p><p><span style=\"color: #000000;\">Pero, si no encuentras lo que buscas, nosotros te lo buscamos y te lo traemos.<\/span><\/p><p><span style=\"color: #000000;\">Puedes pedir cualquier libro, por eso te dejamos este formulario para rellenar con todo lo que sepas del libro que buscas y en cuanto lo recibimos,<\/span><\/p><p><span style=\"color: #000000;\">\u00a1Nos ponemos en contacto contigo!<\/span><\/p><p><span style=\"color: #000000;\">As\u00ed de f\u00e1cil&#8230;.<\/span><\/p>\t\t\t\t\t\t<\/div>\n\t\t\t\t<\/div>\n\t\t\t\t\t<\/div>\n\t\t<\/div>\n\t\t\t\t<div class=\"elementor-column elementor-col-50 elementor-top-column elementor-element elementor-element-a7e3212\" data-id=\"a7e3212\" data-element_type=\"column\">\n\t\t\t<div class=\"elementor-widget-wrap elementor-element-populated\">\n\t\t\t\t\t\t\t\t<div class=\"elementor-element elementor-element-b8c31b3 elementor-widget__width-inherit elementor-widget elementor-widget-wpforms\" data-id=\"b8c31b3\" data-element_type=\"widget\" data-widget_type=\"wpforms.default\">\n\t\t\t\t<div class=\"elementor-widget-container\">\n\t\t\t<div class=\"wpforms-container wpforms-container-full\" id=\"wpforms-80\"><form id=\"wpforms-form-80\" class=\"wpforms-validate wpforms-form wpforms-ajax-form\" data-formid=\"80\" method=\"post\" enctype=\"multipart\/form-data\" action=\"\/index.php\/wp-json\/wp\/v2\/pages\/30\" data-token=\"500a76d0e901da94275bd4799de00fcd\"><noscript class=\"wpforms-error-noscript\">Por favor, activa JavaScript en tu navegador para completar este formulario.<\/noscript><div class=\"wpforms-field-container\"><div id=\"wpforms-80-field_0-container\" class=\"wpforms-field wpforms-field-name\" data-field-id=\"0\"><label class=\"wpforms-field-label\" for=\"wpforms-80-field_0\">Nombre: <span class=\"wpforms-required-label\">*<\/span><\/label><div class=\"wpforms-field-row wpforms-field-medium\"><div class=\"wpforms-field-row-block wpforms-first wpforms-one-half\"><input type=\"text\" id=\"wpforms-80-field_0\" class=\"wpforms-field-name-first wpforms-field-required\" name=\"wpforms[fields][0][first]\" required><label for=\"wpforms-80-field_0\" class=\"wpforms-field-sublabel after \">Nombre<\/label><\/div><div class=\"wpforms-field-row-block wpforms-one-half\"><input type=\"text\" id=\"wpforms-80-field_0-last\" class=\"wpforms-field-name-last wpforms-field-required\" name=\"wpforms[fields][0][last]\" required><label for=\"wpforms-80-field_0-last\" class=\"wpforms-field-sublabel after \">Apellidos<\/label><\/div><\/div><\/div><div id=\"wpforms-80-field_1-container\" class=\"wpforms-field wpforms-field-email\" data-field-id=\"1\"><label class=\"wpforms-field-label\" for=\"wpforms-80-field_1\">Correo electr\u00f3nico: <span class=\"wpforms-required-label\">*<\/span><\/label><input type=\"email\" id=\"wpforms-80-field_1\" class=\"wpforms-field-medium wpforms-field-required\" name=\"wpforms[fields][1]\" spellcheck=\"false\" required><\/div><div id=\"wpforms-80-field_3-container\" class=\"wpforms-field wpforms-field-text\" data-field-id=\"3\"><label class=\"wpforms-field-label\" for=\"wpforms-80-field_3\">T\u00edtulo del libro: <span class=\"wpforms-required-label\">*<\/span><\/label><input type=\"text\" id=\"wpforms-80-field_3\" class=\"wpforms-field-medium wpforms-field-required\" name=\"wpforms[fields][3]\" required><\/div><div id=\"wpforms-80-field_4-container\" class=\"wpforms-field wpforms-field-text\" data-field-id=\"4\"><label class=\"wpforms-field-label\" for=\"wpforms-80-field_4\">Editorial:<\/label><input type=\"text\" id=\"wpforms-80-field_4\" class=\"wpforms-field-medium\" name=\"wpforms[fields][4]\" ><\/div><div id=\"wpforms-80-field_2-container\" class=\"wpforms-field wpforms-field-textarea\" data-field-id=\"2\"><label class=\"wpforms-field-label\" for=\"wpforms-80-field_2\">Informaci\u00f3n:<\/label><textarea id=\"wpforms-80-field_2\" class=\"wpforms-field-medium\" name=\"wpforms[fields][2]\" ><\/textarea><\/div><\/div><!-- .wpforms-field-container --><div class=\"wpforms-submit-container\" ><input type=\"hidden\" name=\"wpforms[id]\" value=\"80\"><input type=\"hidden\" name=\"wpforms[author]\" value=\"1\"><button type=\"submit\" name=\"wpforms[submit]\" id=\"wpforms-submit-80\" class=\"wpforms-submit\" data-alt-text=\"Enviando...\" data-submit-text=\"Enviar\" aria-live=\"assertive\" value=\"wpforms-submit\">Enviar<\/button><img loading=\"lazy\" decoding=\"async\" src=\"https:\/\/nuevaweb.papererianord.com\/wp-content\/plugins\/wpforms-lite\/assets\/images\/submit-spin.svg\" class=\"wpforms-submit-spinner\" style=\"display: none;\" width=\"26\" height=\"26\" alt=\"Cargando\"><\/div><\/form><\/div>  <!-- .wpforms-container -->\t\t<\/div>\n\t\t\t\t<\/div>\n\t\t\t\t\t<\/div>\n\t\t<\/div>\n\t\t\t\t\t\t\t<\/div>\n\t\t<\/section>\n\t\t\t\t\t\t\t<\/div>\n\t\t","protected":false},"excerpt":{"rendered":"<p>B\u00fasqueda de Libros En nuestras tiendas siempre encontrar\u00e1s las \u00faltimas novedades en librer\u00eda para toda la familia, desde los m\u00e1s peques hasta los m\u00e1s mayores de la casa. Pero, si no encuentras lo que buscas, nosotros te lo buscamos y te lo traemos. Puedes pedir cualquier libro, por eso te dejamos este formulario para rellenar&hellip; <a class=\"more-link\" href=\"https:\/\/nuevaweb.papererianord.com\/index.php\/busqueda\/\">Seguir leyendo <span class=\"screen-reader-text\">B\u00fasqueda<\/span><\/a><\/p>\n","protected":false},"author":1,"featured_media":0,"parent":0,"menu_order":0,"comment_status":"closed","ping_status":"closed","template":"elementor_header_footer","meta":{"footnotes":""},"class_list":["post-30","page","type-page","status-publish","hentry","entry"],"_links":{"self":[{"href":"https:\/\/nuevaweb.papererianord.com\/index.php\/wp-json\/wp\/v2\/pages\/30","targetHints":{"allow":["GET"]}}],"collection":[{"href":"https:\/\/nuevaweb.papererianord.com\/index.php\/wp-json\/wp\/v2\/pages"}],"about":[{"href":"https:\/\/nuevaweb.papererianord.com\/index.php\/wp-json\/wp\/v2\/types\/page"}],"author":[{"embeddable":true,"href":"https:\/\/nuevaweb.papererianord.com\/index.php\/wp-json\/wp\/v2\/users\/1"}],"replies":[{"embeddable":true,"href":"https:\/\/nuevaweb.papererianord.com\/index.php\/wp-json\/wp\/v2\/comments?post=30"}],"version-history":[{"count":10,"href":"https:\/\/nuevaweb.papererianord.com\/index.php\/wp-json\/wp\/v2\/pages\/30\/revisions"}],"predecessor-version":[{"id":85,"href":"https:\/\/nuevaweb.papererianord.com\/index.php\/wp-json\/wp\/v2\/pages\/30\/revisions\/85"}],"wp:attachment":[{"href":"https:\/\/nuevaweb.papererianord.com\/index.php\/wp-json\/wp\/v2\/media?parent=30"}],"curies":[{"name":"wp","href":"https:\/\/api.w.org\/{rel}","templated":true}]}}